{"id":16281,"date":"2014-06-16T11:05:17","date_gmt":"2014-06-16T11:05:17","guid":{"rendered":"http:\/\/the7.dream-demo.com\/?page_id=16281"},"modified":"2024-02-16T18:03:42","modified_gmt":"2024-02-17T00:03:42","slug":"contact-2","status":"publish","type":"page","link":"https:\/\/www.tipsa.com.mx\/nueva\/contact-2\/","title":{"rendered":"Cont\u00e1ctenos"},"content":{"rendered":"<p>[vc_row][vc_column]<div class=\"dt-fancy-separator title-left h4-size accent-border-color\" style=\"width: 100%;\"><div class=\"dt-fancy-title bg-on\" style=\"color: #0a0096;\"><span class=\"separator-holder separator-left\"><\/span>Env\u00edenos un mensaje<span class=\"separator-holder separator-right\"><\/span><\/div><\/div>[vc_empty_space height=\u00bb40px\u00bb][vc_column_text]Si tiene alguna duda acerca de nuestros productos o servicios, por favor cont\u00e1ctenos usando el siguiente formulario y a la brevedad nos comunicaremos con Usted para atender su petici\u00f3n, solicitud o comentario.[\/vc_column_text]\n                <div class='gf_browser_gecko gform_wrapper' id='gform_wrapper_1' ><form method='post' enctype='multipart\/form-data'  id='gform_1'  action='\/nueva\/wp-json\/wp\/v2\/pages\/16281'>\n                        <div class='gform_body'><ul id='gform_fields_1' class='gform_fields top_label form_sublabel_below description_below'><li id='field_1_2'  class='gfield gf_left_half gfield_contains_required field_sublabel_below field_description_below gfield_visibility_visible' ><label class='gfield_label' for='input_1_2' >Nombre<span class='gfield_required'>*<\/span><\/label><div class='ginput_container ginput_container_text'><input name='input_2' id='input_1_2' type='text' value='' class='medium'     aria-required=\"true\" aria-invalid=\"false\" \/><\/div><\/li><li id='field_1_1'  class='gfield gf_left_half gfield_contains_required field_sublabel_below field_description_below gfield_visibility_visible' ><label class='gfield_label' for='input_1_1' >Compa\u00f1\u00eda<span class='gfield_required'>*<\/span><\/label><div class='ginput_container ginput_container_text'><input name='input_1' id='input_1_1' type='text' value='' class='medium'     aria-required=\"true\" aria-invalid=\"false\" \/><\/div><\/li><li id='field_1_4'  class='gfield gf_left_half gfield_contains_required field_sublabel_below field_description_below gfield_visibility_visible' ><label class='gfield_label' for='input_1_4' >Correo electr\u00f3nico<span class='gfield_required'>*<\/span><\/label><div class='ginput_container ginput_container_email'>\n                            <input name='input_4' id='input_1_4' type='text' value='' class='medium'    aria-required=\"true\" aria-invalid=\"false\" \/>\n                        <\/div><\/li><li id='field_1_17'  class='gfield gfield_contains_required field_sublabel_below field_description_below gfield_visibility_visible' ><label class='gfield_label' for='input_1_17' >Tel\u00e9fono<span class='gfield_required'>*<\/span><\/label><div class='ginput_container ginput_container_phone'><input name='input_17' id='input_1_17' type='text' value='' class='small'   aria-required=\"true\" aria-invalid=\"false\" aria-describedby=\"gfield_description_1_17\" \/><\/div><div class='gfield_description' id='gfield_description_1_17'>10 d\u00edgitos.<\/div><\/li><li id='field_1_3'  class='gfield gf_left_half field_sublabel_below field_description_below gfield_visibility_visible' ><label class='gfield_label' for='input_1_3' >Direcci\u00f3n<\/label><div class='ginput_container ginput_container_text'><input name='input_3' id='input_1_3' type='text' value='' class='medium'      aria-invalid=\"false\" \/><\/div><\/li><li id='field_1_5'  class='gfield gf_left_third gfield_contains_required field_sublabel_below field_description_below gfield_visibility_visible' ><label class='gfield_label' for='input_1_5' >Ciudad<span class='gfield_required'>*<\/span><\/label><div class='ginput_container ginput_container_text'><input name='input_5' id='input_1_5' type='text' value='' class='medium'     aria-required=\"true\" aria-invalid=\"false\" \/><\/div><\/li><li id='field_1_6'  class='gfield gf_left_third gfield_contains_required field_sublabel_below field_description_below gfield_visibility_visible' ><label class='gfield_label' for='input_1_6' >Estado<span class='gfield_required'>*<\/span><\/label><div class='ginput_container ginput_container_select'><select name='input_6' id='input_1_6' class='medium gfield_select'   aria-required=\"true\" aria-invalid=\"false\"><option value='Aguascalientes' >Aguascalientes<\/option><option value='Baja California' >Baja California<\/option><option value='Baja California Sur' >Baja California Sur<\/option><option value='Campeche' >Campeche<\/option><option value='Chiapas' >Chiapas<\/option><option value='Chihuahua' >Chihuahua<\/option><option value='Ciudad de M\u00e9xico' >Ciudad de M\u00e9xico<\/option><option value='Coahuila' >Coahuila<\/option><option value='Colima' >Colima<\/option><option value='Durango' >Durango<\/option><option value='Estado de M\u00e9xico' >Estado de M\u00e9xico<\/option><option value='Guanajuato' >Guanajuato<\/option><option value='Guerrero' >Guerrero<\/option><option value='Hidalgo' >Hidalgo<\/option><option value='Jalisco' >Jalisco<\/option><option value='Michoac\u00e1n' >Michoac\u00e1n<\/option><option value='Morelos' >Morelos<\/option><option value='Nayarit' >Nayarit<\/option><option value='Nuevo Le\u00f3n' >Nuevo Le\u00f3n<\/option><option value='Oaxaca' >Oaxaca<\/option><option value='Puebla' >Puebla<\/option><option value='Quer\u00e9taro' >Quer\u00e9taro<\/option><option value='Quintana Roo' >Quintana Roo<\/option><option value='San Luis Potos\u00ed' >San Luis Potos\u00ed<\/option><option value='Sinaloa' >Sinaloa<\/option><option value='Sonora' >Sonora<\/option><option value='Tabasco' >Tabasco<\/option><option value='Tamaulipas' >Tamaulipas<\/option><option value='Tlaxcala' >Tlaxcala<\/option><option value='Veracruz' >Veracruz<\/option><option value='Yucat\u00e1n' >Yucat\u00e1n<\/option><option value='Zacatecas' >Zacatecas<\/option><option value='Otro' >Otro (Other)<\/option><\/select><\/div><\/li><li id='field_1_7'  class='gfield gf_left_third field_sublabel_below field_description_below gfield_visibility_visible' ><label class='gfield_label' for='input_1_7' >C\u00f3digo Postal<\/label><div class='ginput_container ginput_container_text'><input name='input_7' id='input_1_7' type='text' value='' class='small' maxlength='5'     aria-invalid=\"false\" \/><\/div><\/li><li id='field_1_16'  class='gfield gf_left_third gfield_contains_required field_sublabel_below field_description_below gfield_visibility_visible' ><label class='gfield_label' for='input_1_16' >Pa\u00eds<span class='gfield_required'>*<\/span><\/label><div class='ginput_container ginput_container_select'><select name='input_16' id='input_1_16' class='medium gfield_select'   aria-required=\"true\" aria-invalid=\"false\"><option value='Afghanist\u00e1n' >Afghanist\u00e1n<\/option><option value='Albania' >Albania<\/option><option value='Argelia' >Argelia<\/option><option value='Samoa Americana' >Samoa Americana<\/option><option value='Andorra' >Andorra<\/option><option value='Angola' >Angola<\/option><option value='Antigua y Barbuda' >Antigua y Barbuda<\/option><option value='Argentina' >Argentina<\/option><option value='Armenia' >Armenia<\/option><option value='Australia' >Australia<\/option><option value='Austria' >Austria<\/option><option value='Azerbaiy\u00e1n' >Azerbaiy\u00e1n<\/option><option value='Bahamas' >Bahamas<\/option><option value='Bar\u00e9in' >Bar\u00e9in<\/option><option value='Bangladesh' >Bangladesh<\/option><option value='Barbados' >Barbados<\/option><option value='Bielorusia' >Bielorusia<\/option><option value='B\u00e9gica' >B\u00e9gica<\/option><option value='Belice' >Belice<\/option><option value='Benin' >Benin<\/option><option value='Bermuda' >Bermuda<\/option><option value='Bhut\u00e1n' >Bhut\u00e1n<\/option><option value='Bolivia' >Bolivia<\/option><option value='Bosnia y Herzegovina' >Bosnia y Herzegovina<\/option><option value='Botswana' >Botswana<\/option><option value='Brasil' >Brasil<\/option><option value='Brunei' >Brunei<\/option><option value='Bulgaria' >Bulgaria<\/option><option value='Burkina Faso' >Burkina Faso<\/option><option value='Burundi' >Burundi<\/option><option value='Camboya' >Camboya<\/option><option value='Camer\u00fan' >Camer\u00fan<\/option><option value='Canada' >Canada<\/option><option value='Cabo Verde' >Cabo Verde<\/option><option value='Islas Caim\u00e1n' >Islas Caim\u00e1n<\/option><option value='Rep\u00fablica Centroafricana' >Rep\u00fablica Centroafricana<\/option><option value='Chad' >Chad<\/option><option value='Chile' >Chile<\/option><option value='China' >China<\/option><option value='Colombia' >Colombia<\/option><option value='Comoras' >Comoras<\/option><option value='Congo, Rep\u00fablica Democr\u00e1tica del' >Congo, Rep\u00fablica Democr\u00e1tica del<\/option><option value='Congo, Rep\u00fablica de' >Congo, Rep\u00fablica de<\/option><option value='Costa Rica' >Costa Rica<\/option><option value='Costa de Marfil' >Costa de Marfil<\/option><option value='Croacia' >Croacia<\/option><option value='Cuba' >Cuba<\/option><option value='Curazao' >Curazao<\/option><option value='Chipre' >Chipre<\/option><option value='Rep\u00fablica Checa' >Rep\u00fablica Checa<\/option><option value='Dinamarca' >Dinamarca<\/option><option value='Djibouti' >Djibouti<\/option><option value='Dominica' >Dominica<\/option><option value='Rep\u00fablica Dominicana' >Rep\u00fablica Dominicana<\/option><option value='Timor Oriental' >Timor Oriental<\/option><option value='Ecuador' >Ecuador<\/option><option value='Egipto' >Egipto<\/option><option value='El Salvador' >El Salvador<\/option><option value='Guinea Ecuatorial' >Guinea Ecuatorial<\/option><option value='Eritrea' >Eritrea<\/option><option value='Estonia' >Estonia<\/option><option value='Etiop\u00eda' >Etiop\u00eda<\/option><option value='Islas Faroe' >Islas Faroe<\/option><option value='Fiji' >Fiji<\/option><option value='Finlancia' >Finlancia<\/option><option value='Francia' >Francia<\/option><option value='Polinesia Francesa' >Polinesia Francesa<\/option><option value='Gab\u00f3n' >Gab\u00f3n<\/option><option value='Gambia' >Gambia<\/option><option value='Georgia' >Georgia<\/option><option value='Alemania' >Alemania<\/option><option value='Ghana' >Ghana<\/option><option value='Grecia' >Grecia<\/option><option value='Groenlandia' >Groenlandia<\/option><option value='Granada' >Granada<\/option><option value='Guam' >Guam<\/option><option value='Guatemala' >Guatemala<\/option><option value='Guinea' >Guinea<\/option><option value='Guinea Bissau' >Guinea Bissau<\/option><option value='Guayana' >Guayana<\/option><option value='Hait\u00ed' >Hait\u00ed<\/option><option value='Honduras' >Honduras<\/option><option value='Hong Kong' >Hong Kong<\/option><option value='Hungr\u00eda' >Hungr\u00eda<\/option><option value='Islandia' >Islandia<\/option><option value='India' >India<\/option><option value='Indonesia' >Indonesia<\/option><option value='Ir\u00e1n' >Ir\u00e1n<\/option><option value='Iraq' >Iraq<\/option><option value='Irlanda' >Irlanda<\/option><option value='Israel' >Israel<\/option><option value='Italia' >Italia<\/option><option value='Jamaica' >Jamaica<\/option><option value='Jap\u00f3n' >Jap\u00f3n<\/option><option value='Jord\u00e1n' >Jord\u00e1n<\/option><option value='Kazajist\u00e1n' >Kazajist\u00e1n<\/option><option value='Kenia' >Kenia<\/option><option value='Kiribati' >Kiribati<\/option><option value='Corea del Norte' >Corea del Norte<\/option><option value='Corea del Sur' >Corea del Sur<\/option><option value='Kosovo' >Kosovo<\/option><option value='Kuwait' >Kuwait<\/option><option value='Kirguist\u00e1n' >Kirguist\u00e1n<\/option><option value='Laos' >Laos<\/option><option value='Lituania' >Lituania<\/option><option value='L\u00edbano' >L\u00edbano<\/option><option value='Lesoto' >Lesoto<\/option><option value='Liberia' >Liberia<\/option><option value='LIbia' >LIbia<\/option><option value='Liechtenstein' >Liechtenstein<\/option><option value='Lituania' >Lituania<\/option><option value='Luxemburgo' >Luxemburgo<\/option><option value='Macedonia' >Macedonia<\/option><option value='Madagascar' >Madagascar<\/option><option value='Malawi' >Malawi<\/option><option value='Malasia' >Malasia<\/option><option value='Maldivas' >Maldivas<\/option><option value='Mali' >Mali<\/option><option value='Malta' >Malta<\/option><option value='Islas Marshall' >Islas Marshall<\/option><option value='Mauritania' >Mauritania<\/option><option value='Mauricio' >Mauricio<\/option><option value='M\u00e9xico' selected='selected'>M\u00e9xico<\/option><option value='Micronesia' >Micronesia<\/option><option value='Moldavia' >Moldavia<\/option><option value='Monaco' >Monaco<\/option><option value='Mongolia' >Mongolia<\/option><option value='Montenegro' >Montenegro<\/option><option value='Marruecos' >Marruecos<\/option><option value='Mozambique' >Mozambique<\/option><option value='Myanmar' >Myanmar<\/option><option value='Namibia' >Namibia<\/option><option value='Nauru' >Nauru<\/option><option value='Nepal' >Nepal<\/option><option value='Paises Bajos' >Paises Bajos<\/option><option value='Nueva Zelanda' >Nueva Zelanda<\/option><option value='Nicaragua' >Nicaragua<\/option><option value='N\u00edger' >N\u00edger<\/option><option value='Nigeria' >Nigeria<\/option><option value='Islas Marianas del Norte' >Islas Marianas del Norte<\/option><option value='Noruega' >Noruega<\/option><option value='Om\u00e1n' >Om\u00e1n<\/option><option value='Pakist\u00e1n' >Pakist\u00e1n<\/option><option value='Palau' >Palau<\/option><option value='Palestina, Estado de' >Palestina, Estado de<\/option><option value='Panam\u00e1' >Panam\u00e1<\/option><option value='Pap\u00faa Nueva Guinea' >Pap\u00faa Nueva Guinea<\/option><option value='Paraguay' >Paraguay<\/option><option value='Per\u00fa' >Per\u00fa<\/option><option value='Filipinas' >Filipinas<\/option><option value='Polonia' >Polonia<\/option><option value='Portugal' >Portugal<\/option><option value='Puerto Rico' >Puerto Rico<\/option><option value='Qatar' >Qatar<\/option><option value='Ruman\u00eda' >Ruman\u00eda<\/option><option value='Rusia' >Rusia<\/option><option value='Ruanda' >Ruanda<\/option><option value='San Crist\u00f3bal y Nieves' >San Crist\u00f3bal y Nieves<\/option><option value='Santa Luc\u00eda' >Santa Luc\u00eda<\/option><option value='San Vicente y las Granadinas' >San Vicente y las Granadinas<\/option><option value='Samoa' >Samoa<\/option><option value='San Marino' >San Marino<\/option><option value='Santo Tom\u00e9 y Principe' >Santo Tom\u00e9 y Principe<\/option><option value='Arabia Saudita' >Arabia Saudita<\/option><option value='Senegal' >Senegal<\/option><option value='Serbia' >Serbia<\/option><option value='Seychelles' >Seychelles<\/option><option value='Sierra Leona' >Sierra Leona<\/option><option value='Singapur' >Singapur<\/option><option value='Sint Maarten' >Sint Maarten<\/option><option value='Eslovaquia' >Eslovaquia<\/option><option value='Eslovenia' >Eslovenia<\/option><option value='Islas Salom\u00f3n' >Islas Salom\u00f3n<\/option><option value='Somalia' >Somalia<\/option><option value='Sud\u00e1frica' >Sud\u00e1frica<\/option><option value='Espa\u00f1a' >Espa\u00f1a<\/option><option value='Sri Lanka' >Sri Lanka<\/option><option value='Sud\u00e1n' >Sud\u00e1n<\/option><option value='Sud\u00e1n del Sur' >Sud\u00e1n del Sur<\/option><option value='Surinam' >Surinam<\/option><option value='Swazilandia' >Swazilandia<\/option><option value='Suecia' >Suecia<\/option><option value='Suiza' >Suiza<\/option><option value='Siria' >Siria<\/option><option value='Taiwan' >Taiwan<\/option><option value='Tayikist\u00e1n' >Tayikist\u00e1n<\/option><option value='Tanzania' >Tanzania<\/option><option value='Tailandia' >Tailandia<\/option><option value='Togo' >Togo<\/option><option value='Tonga' >Tonga<\/option><option value='Trinidad y Tobago' >Trinidad y Tobago<\/option><option value='T\u00fanez' >T\u00fanez<\/option><option value='Turqu\u00eda' >Turqu\u00eda<\/option><option value='Turkmenist\u00e1n' >Turkmenist\u00e1n<\/option><option value='Tuvalu' >Tuvalu<\/option><option value='Uganda' >Uganda<\/option><option value='Ucrania' >Ucrania<\/option><option value='Emiratos \u00c1rabes Unidos' >Emiratos \u00c1rabes Unidos<\/option><option value='Reino Unido' >Reino Unido<\/option><option value='Estados Unidos' >Estados Unidos<\/option><option value='Uruguay' >Uruguay<\/option><option value='Uzbekist\u00e1n' >Uzbekist\u00e1n<\/option><option value='Vanuatu' >Vanuatu<\/option><option value='Ciudad del Vaticano' >Ciudad del Vaticano<\/option><option value='Venezuela' >Venezuela<\/option><option value='Vietnam' >Vietnam<\/option><option value='Islas V\u00edrgenes Brit\u00e1nicas' >Islas V\u00edrgenes Brit\u00e1nicas<\/option><option value='Islas V\u00edrgenes de los Estados Unidos' >Islas V\u00edrgenes de los Estados Unidos<\/option><option value='Yemen' >Yemen<\/option><option value='Zambia' >Zambia<\/option><option value='Zimbaue' >Zimbaue<\/option><\/select><\/div><\/li><li id='field_1_9'  class='gfield gf_left_third field_sublabel_below field_description_below gfield_visibility_visible' ><label class='gfield_label' for='input_1_9' >Giro de su empresa<\/label><div class='ginput_container ginput_container_text'><input name='input_9' id='input_1_9' type='text' value='' class='medium'      aria-invalid=\"false\" \/><\/div><\/li><li id='field_1_11'  class='gfield gf_left_third gfield_contains_required field_sublabel_below field_description_below gfield_visibility_visible' ><label class='gfield_label' for='input_1_11' >Destino<span class='gfield_required'>*<\/span><\/label><div class='ginput_container ginput_container_select'><select name='input_11' id='input_1_11' class='medium gfield_select'   aria-required=\"true\" aria-invalid=\"false\"><option value='Tipsa Nylon' >Tipsa Nylon<\/option><option value='Tipsa Anker' >Tipsa Anker<\/option><option value='Tipsa Envase' >Tipsa Envase<\/option><option value='Tipsa Cangil\u00f3n' >Tipsa Cangil\u00f3n<\/option><option value='Tipsa Ruedas' >Tipsa Ruedas<\/option><\/select><\/div><\/li><li id='field_1_10'  class='gfield field_sublabel_below field_description_below gfield_visibility_visible' ><label class='gfield_label' for='input_1_10' >Mensaje<\/label><div class='ginput_container ginput_container_textarea'><textarea name='input_10' id='input_1_10' class='textarea medium'  aria-describedby=\"gfield_description_1_10\"    aria-invalid=\"false\"   rows='10' cols='50'><\/textarea><\/div><div class='gfield_description' id='gfield_description_1_10'>Escriba su duda, comentario o solicitud<\/div><\/li><li id='field_1_12'  class='gfield field_sublabel_below field_description_below gfield_visibility_visible' ><label class='gfield_label' for='input_1_12' >CAPTCHA<\/label><div id='input_1_12' class='ginput_container ginput_recaptcha' data-sitekey='6Lc7uBAUAAAAAE2RYKt2VFzGaASmXgwc6uxzk435'  data-theme='light' data-tabindex='0'  data-badge=''><\/div><\/li><li id='field_1_13'  class='gfield gform_hidden field_sublabel_below field_description_below gfield_visibility_visible' ><input name='input_13' id='input_1_13' type='hidden' class='gform_hidden'  aria-invalid=\"false\" value='19\/04\/2026' \/><\/li><li id='field_1_14'  class='gfield gform_hidden field_sublabel_below field_description_below gfield_visibility_visible' ><input name='input_14' id='input_1_14' type='hidden' class='gform_hidden'  aria-invalid=\"false\" value='216.73.216.211' \/><\/li><li id='field_1_15'  class='gfield gform_hidden field_sublabel_below field_description_below gfield_visibility_visible' ><input name='input_15' id='input_1_15' type='hidden' class='gform_hidden'  aria-invalid=\"false\" value='Mozilla\/5.0 AppleWebKit\/537.36 (KHTML, like Gecko; compatible; ClaudeBot\/1.0; +claudebot@anthropic.com)' \/><\/li>\n                            <\/ul><\/div>\n        <div class='gform_footer top_label'> <input type='submit' id='gform_submit_button_1' class='gform_button button' value='Enviar'  onclick='if(window[\"gf_submitting_1\"]){return false;}  window[\"gf_submitting_1\"]=true;  ' onkeypress='if( event.keyCode == 13 ){ if(window[\"gf_submitting_1\"]){return false;} window[\"gf_submitting_1\"]=true;  jQuery(\"#gform_1\").trigger(\"submit\",[true]); }' \/> \n            <input type='hidden' class='gform_hidden' name='is_submit_1' value='1' \/>\n            <input type='hidden' class='gform_hidden' name='gform_submit' value='1' \/>\n            \n            <input type='hidden' class='gform_hidden' name='gform_unique_id' value='' \/>\n            <input type='hidden' class='gform_hidden' name='state_1' value='WyJbXSIsIjRjYjQ1N2M4MTI4OWM5MjZiYmE2ZGE3OWYwM2I4ZGI3Il0=' \/>\n            <input type='hidden' class='gform_hidden' name='gform_target_page_number_1' id='gform_target_page_number_1' value='0' \/>\n            <input type='hidden' class='gform_hidden' name='gform_source_page_number_1' id='gform_source_page_number_1' value='1' \/>\n            <input type='hidden' name='gform_field_values' value='' \/>\n            \n        <\/div>\n                        <p style=\"display: none !important;\" class=\"akismet-fields-container\" data-prefix=\"ak_\"><label>&#916;<textarea name=\"ak_hp_textarea\" cols=\"45\" rows=\"8\" maxlength=\"100\"><\/textarea><\/label><input type=\"hidden\" id=\"ak_js_1\" name=\"ak_js\" value=\"209\"\/><script>document.getElementById( \"ak_js_1\" ).setAttribute( \"value\", ( new Date() ).getTime() );<\/script><\/p><\/form>\n                        <\/div><script type='text\/javascript'> jQuery(document).bind('gform_post_render', function(event, formId, currentPage){if(formId == 1) {if(!jQuery('#input_1_7+.ginput_counter').length){jQuery('#input_1_7').textareaCount(    {'maxCharacterSize': 5,    'originalStyle': 'ginput_counter',\t 'truncate': true,\t 'errorStyle' : '',    'displayFormat' : '#input de #max caracteres m\u00e1ximos'    });jQuery('input_1_7').next('.ginput_counter').attr('aria-live','polite');}jQuery('#input_1_17').mask('(999) 999-9999').bind('keypress', function(e){if(e.which == 13){jQuery(this).blur();} } );} } );jQuery(document).bind('gform_post_conditional_logic', function(event, formId, fields, isInit){} );<\/script><script type='text\/javascript'> jQuery(document).ready(function(){jQuery(document).trigger('gform_post_render', [1, 1]) } ); <\/script>[vc_empty_space height=\u00bb20px\u00bb]<div class=\"dt-fancy-separator title-left h4-size\" style=\"width: 100%;\"><div class=\"dt-fancy-title\" style=\"color: #0a0096;\"><span class=\"separator-holder separator-left\"><\/span>Informaci\u00f3n de contacto<span class=\"separator-holder separator-right\"><\/span><\/div><\/div>[\/vc_column][\/vc_row][vc_row margin_top=\u00bb0&#8243; margin_bottom=\u00bb-40&#8243;][vc_column width=\u00bb1\/2&#8243;][vc_empty_space height=\u00bb24px\u00bb][vc_column_text]<strong><span class=\"color-title\">Direcci\u00f3n:<\/span><\/strong><br \/>\nCalle Industria Mec\u00e1nica 2155,\u00a0Zapopan Industrial Norte<br \/>\nZapopan, Jalisco Mexico. C.P. 45132[\/vc_column_text][vc_empty_space height=\u00bb5px\u00bb][vc_column_text]<strong><span class=\"color-title\">Tel\u00e9fonos Zapopan:<\/span><\/strong><br \/>\n(33) 36566511<br \/>\n(33) 36566639<\/p>\n<p><span style=\"color: #000000;\"><strong>Tel\u00e9fonos CDMX:<\/strong><\/span><br \/>\n(55) 53822120<br \/>\n(55) 53822121[\/vc_column_text][vc_empty_space height=\u00bb5px\u00bb][vc_column_text]<strong><span class=\"color-title\">Email:<\/span><\/strong><br \/>\nventas@tipsaplastic.com[\/vc_column_text][vc_empty_space height=\u00bb5px\u00bb][vc_column_text]<span class=\"color-title\">Abierto:<\/span><br \/>\nLunes \u2013 Viernes 8:30 AM \u2013 6:00 PM[\/vc_column_text][\/vc_column][vc_column width=\u00bb1\/2&#8243;][vc_row_inner][vc_column_inner][vc_column_text][\/vc_column_text][\/vc_column_inner][\/vc_row_inner][\/vc_column][\/vc_row]<\/p>\n","protected":false},"excerpt":{"rendered":"<p>[vc_row][vc_column][vc_empty_space height=\u00bb40px\u00bb][vc_column_text]Si tiene alguna duda acerca de nuestros productos o servicios, por favor cont\u00e1ctenos usando el siguiente formulario y a la brevedad nos comunicaremos con Usted para atender su petici\u00f3n, solicitud o comentario.[\/vc_column_text][vc_empty_space height=\u00bb20px\u00bb][\/vc_column][\/vc_row][vc_row margin_top=\u00bb0&#8243; margin_bottom=\u00bb-40&#8243;][vc_column width=\u00bb1\/2&#8243;][vc_empty_space height=\u00bb24px\u00bb][vc_column_text]Direcci\u00f3n: Calle Industria Mec\u00e1nica 2155,\u00a0Zapopan Industrial Norte Zapopan, Jalisco Mexico. C.P. 45132[\/vc_column_text][vc_empty_space height=\u00bb5px\u00bb][vc_column_text]Tel\u00e9fonos Zapopan: (33) 36566511 (33) 36566639&hellip;<\/p>\n","protected":false},"author":1,"featured_media":0,"parent":0,"menu_order":20,"comment_status":"closed","ping_status":"closed","template":"","meta":[],"yst_prominent_words":[],"_links":{"self":[{"href":"https:\/\/www.tipsa.com.mx\/nueva\/wp-json\/wp\/v2\/pages\/16281"}],"collection":[{"href":"https:\/\/www.tipsa.com.mx\/nueva\/wp-json\/wp\/v2\/pages"}],"about":[{"href":"https:\/\/www.tipsa.com.mx\/nueva\/wp-json\/wp\/v2\/types\/page"}],"author":[{"embeddable":true,"href":"https:\/\/www.tipsa.com.mx\/nueva\/wp-json\/wp\/v2\/users\/1"}],"replies":[{"embeddable":true,"href":"https:\/\/www.tipsa.com.mx\/nueva\/wp-json\/wp\/v2\/comments?post=16281"}],"version-history":[{"count":25,"href":"https:\/\/www.tipsa.com.mx\/nueva\/wp-json\/wp\/v2\/pages\/16281\/revisions"}],"predecessor-version":[{"id":36866,"href":"https:\/\/www.tipsa.com.mx\/nueva\/wp-json\/wp\/v2\/pages\/16281\/revisions\/36866"}],"wp:attachment":[{"href":"https:\/\/www.tipsa.com.mx\/nueva\/wp-json\/wp\/v2\/media?parent=16281"}],"wp:term":[{"taxonomy":"yst_prominent_words","embeddable":true,"href":"https:\/\/www.tipsa.com.mx\/nueva\/wp-json\/wp\/v2\/yst_prominent_words?post=16281"}],"curies":[{"name":"wp","href":"https:\/\/api.w.org\/{rel}","templated":true}]}}