{"id":35652,"date":"2016-06-13T15:53:29","date_gmt":"2016-06-13T20:53:29","guid":{"rendered":"http:\/\/tipsa.com.mx\/nueva\/?page_id=35652"},"modified":"2021-09-24T21:52:26","modified_gmt":"2021-09-25T02:52:26","slug":"nylacero-plastico-de-ingenieria","status":"publish","type":"page","link":"https:\/\/www.tipsa.com.mx\/nueva\/productos\/nylacero-plastico-de-ingenieria\/","title":{"rendered":"Nylacero &#8211; Pl\u00e1stico de ingenier\u00eda de nylon de alta calidad"},"content":{"rendered":"<p>[vc_row margin_top=\u00bb-50px\u00bb margin_bottom=\u00bb-50px\u00bb full_width_row=\u00bbtrue\u00bb][vc_column css=\u00bb.vc_custom_1465876530865{padding-top: 20px !important;padding-right: 60px !important;padding-bottom: 60px !important;padding-left: 60px !important;background-image: url(https:\/\/tipsa.com.mx\/nueva\/wp-content\/uploads\/2016\/06\/fondo_tipsa_3.jpg?id=35690) !important;background-position: 0 0 !important;background-repeat: repeat !important;}\u00bb][vc_single_image image=\u00bb36405&#8243; img_size=\u00bbfull\u00bb css_animation=\u00bbfadeInLeft\u00bb css=\u00bb.vc_custom_1493693211078{margin-right: -80px !important;}\u00bb][vc_row_inner][vc_column_inner width=\u00bb1\/2&#8243;][vc_column_text css_animation=\u00bbfadeInDown\u00bb]<\/p>\n<h2>Pl\u00e1stico de ingenier\u00eda<\/h2>\n<p style=\"text-align: justify;\">Es un nylon de alta calidad, producido con los m\u00e1s avanzados procesos en tecnolog\u00eda de fabricaci\u00f3n de un pl\u00e1stico de ingenier\u00eda. Tiene un amplio campo de aplicaciones industriales. Debido a sus propiedades sobresalientes, nylacero\u00ae puede trabajar en condiciones severas de desgaste y soportar ataques qu\u00edmicos sin fallar, mejor que muchos materiales met\u00e1licos y algunos naturales, como: bronce, lat\u00f3n, acero, aluminio, madera, hule, etc. tiene alto m\u00f3dulo de elasticidad, adem\u00e1s es resistente a la fragilizaci\u00f3n y al deterioro, tiene una temperatura alta de distorsi\u00f3n t\u00e9rmica y excelente resistencia a la vibraci\u00f3n. Su ligereza y naturaleza pl\u00e1stica lo hacen un material con muchas ventajas: econ\u00f3micas, mec\u00e1nicas y ecol\u00f3gicas, porque reduce cargas inerciales est\u00e1ticas y amortigua el ruido. Sus aditivos anti-impacto le imparten mayor resiliencia, superior resistencia a la tensi\u00f3n y al impacto.<\/p>\n<p style=\"text-align: justify;\">Las aplicaciones para el nylacero\u00ae como un pl\u00e1stico de ingenier\u00eda van de las generales a las especializadas altamente. Desde planchas para moldeo en el procesamiento de alimentos hasta asientos de v\u00e1lvulas de bola para las industrias gasera y petrolera, e insertos para exc\u00e9ntricos utilizados en la industria metal\u00fargica primaria.<\/p>\n<p>[\/vc_column_text][\/vc_column_inner][vc_column_inner width=\u00bb1\/2&#8243;][vc_empty_space height=\u00bb65px\u00bb][vc_single_image image=\u00bb36331&#8243; img_size=\u00bbfull\u00bb alignment=\u00bbcenter\u00bb css_animation=\u00bbfadeIn\u00bb lazy_loading=\u00bbtrue\u00bb][\/vc_column_inner][\/vc_row_inner][\/vc_column][\/vc_row][vc_row margin_top=\u00bb-50px\u00bb margin_bottom=\u00bb-50px\u00bb full_width_row=\u00bbtrue\u00bb][vc_column css=\u00bb.vc_custom_1465876722243{padding-top: 20px !important;padding-right: 60px !important;padding-bottom: 60px !important;padding-left: 60px !important;background-image: url(https:\/\/tipsa.com.mx\/nueva\/wp-content\/uploads\/2016\/06\/fondo_tipsa_3.jpg?id=35690) !important;}\u00bb][vc_tta_tour style=\u00bbmodern\u00bb color=\u00bbsky\u00bb active_section=\u00bb1&#8243;][vc_tta_section title=\u00bbUSOS\u00bb tab_id=\u00bb1465852814697-9a78d6fa-bc3e\u00bb][vc_row_inner][vc_column_inner width=\u00bb1\/2&#8243;][vc_column_text css_animation=\u00bbfadeInLeft\u00bb]<\/p>\n<ul>\n<li>Rodillos de calandrado textil<\/li>\n<li>Patines, \u201cslippers\u201d, e insertos para coples en molinos de laminaci\u00f3n sider\u00fargicos<\/li>\n<li>Planchas gu\u00eda para empacadoras<\/li>\n<li>Discos eyectores de carne<\/li>\n<li>Agitadores e impulsores para alimentos<\/li>\n<li>Estrellas para llenadoras en embotelladoras y gusanos sinf\u00edn para lavadoras de botellas<\/li>\n<li>Mesas para corte y procesado comercial de carnes<\/li>\n<li>Soleras deslizables y coples en pastilladoras de jab\u00f3n<\/li>\n<li>Engranes para medidores de flujo hidr\u00e1ulico y neum\u00e1tico<br \/>\nPoleas para conductores el\u00e9ctricos, catarinas en m\u00e1quinas estiradoras de alambre<\/li>\n<li>Carcazas para bombas, anillos de sujeci\u00f3n<\/li>\n<li>Engranes, ruedas dentadas, bujes y chumaceras de baja velocidad<\/li>\n<li>Cremalleras, cojines deslizables, engranes m\u00f3viles y de\u00a0transmisi\u00f3n, poleas, llantas, flanges, asientos para v\u00e1lvula.<\/li>\n<\/ul>\n<p>[\/vc_column_text][\/vc_column_inner][vc_column_inner width=\u00bb1\/2&#8243;][vc_single_image image=\u00bb36329&#8243; img_size=\u00bbfull\u00bb alignment=\u00bbcenter\u00bb css_animation=\u00bbbounceInRight\u00bb lazy_loading=\u00bbtrue\u00bb][\/vc_column_inner][\/vc_row_inner][\/vc_tta_section][vc_tta_section title=\u00bbPROPIEDADES\u00bb tab_id=\u00bb1465852814799-125d2ce8-3695&#8243;][vc_row_inner][vc_column_inner width=\u00bb1\/2&#8243;][vc_column_text css_animation=\u00bbfadeInLeft\u00bb]<\/p>\n<ul>\n<li>Excelente resistencia mec\u00e1nica<\/li>\n<li>Alto rendimiento por su resistencia a la abrasi\u00f3n y al desgaste<\/li>\n<li>Buena resistencia t\u00e9rmica<\/li>\n<li>Buena resistencia qu\u00edmica<\/li>\n<li>Ligereza<\/li>\n<li>Excelente relaci\u00f3n costo\/beneficio<\/li>\n<li>Resistencia a bacterias y hongos<\/li>\n<li>Facilidad de maquinado<\/li>\n<li>Tipos <strong>nylacero\u00ae<\/strong>\u00a0y <strong>nylalloy\u00ae<\/strong>\u00a0son grado alimenticio.<\/li>\n<\/ul>\n<p>[\/vc_column_text][\/vc_column_inner][vc_column_inner width=\u00bb1\/2&#8243;][vc_single_image image=\u00bb35711&#8243; img_size=\u00bbfull\u00bb alignment=\u00bbcenter\u00bb css_animation=\u00bbfadeInRight\u00bb lazy_loading=\u00bbtrue\u00bb][\/vc_column_inner][\/vc_row_inner][\/vc_tta_section][vc_tta_section title=\u00bbRESISTENCIA\u00bb tab_id=\u00bb1465853540343-fd7c7a9f-9990&#8243;][vc_row_inner][vc_column_inner][vc_text_separator title=\u00bbnylacero\u00ae, nylacero 2000\u00ae, nylalloy\u00ae y nylacero T\u00ae resisten a:\u00bb color=\u00bbsky\u00bb el_width=\u00bb90&#8243;][vc_column_text css_animation=\u00bbfadeInDown\u00bb]<\/p>\n<ul>\n<li>Contacto\u00a0con atm\u00f3sferas h\u00famedas<\/li>\n<li>Salinas altamente corrosivas<\/li>\n<li>Hidrocarburos alif\u00e1ticos (gasolina, gas, nafta y aceites lubricantes)<\/li>\n<li>Esteres (acetato de etilo, acetato de amilo, etc.)<\/li>\n<li>Cetonas (mik y mek)<\/li>\n<li>Alcoholes<\/li>\n<li>Solventes clorados (Tetracloruro de carbono y Tricloroetileno)<\/li>\n<li>Aceites y grasas<\/li>\n<li>\u00c1lcalis diluidos y con concentraci\u00f3n no superior al 30% y en fr\u00edo<\/li>\n<li>Jabones<\/li>\n<li>\u00c1cidos minerales diluidos (Sulf\u00farico y Clorh\u00eddrico) con concentraci\u00f3n no superior al 5% y en fr\u00edo<\/li>\n<li>Formaldehido<\/li>\n<li>Y la mayor parte de \u00e1cidos org\u00e1nicos.<\/li>\n<\/ul>\n<p>[\/vc_column_text][vc_text_separator title=\u00bbNO SON RECOMENDABLES SI EST\u00c1N EN CONTACTO CON:\u00bb color=\u00bbsky\u00bb el_width=\u00bb90&#8243;][vc_column_text css_animation=\u00bbfadeInDown\u00bb]<\/p>\n<ul>\n<li>\u00c1cidos minerales concentrados (sulf\u00farico, clorh\u00eddrico, fluorh\u00eddrico)<\/li>\n<li>Agentes oxidantes fuertes (Ozono, Permanganato de potasio y agua oxigenada)<\/li>\n<li>Hal\u00f3genos libres (Cloro, Yodo, Fl\u00faor, Bromo)<\/li>\n<li>Solvente espec\u00edfico (Fenol y \u00e1cido F\u00f3rmico).<\/li>\n<\/ul>\n<p>[\/vc_column_text][\/vc_column_inner][\/vc_row_inner][\/vc_tta_section][vc_tta_section title=\u00bbPROPIEDADES DETALLE\u00bb tab_id=\u00bb1465853561879-668a4567-4b60&#8243;][vc_row_inner][vc_column_inner][vc_single_image image=\u00bb35715&#8243; img_size=\u00bbfull\u00bb css_animation=\u00bbzoomIn\u00bb lazy_loading=\u00bbtrue\u00bb][\/vc_column_inner][\/vc_row_inner][\/vc_tta_section][vc_tta_section title=\u00bbMAQUINADO\u00bb tab_id=\u00bb1465853618023-15903ac9-0ee6&#8243;][vc_row_inner][vc_column_inner width=\u00bb1\/2&#8243;][vc_column_text]<strong>nylacero\u00ae, nylacero 2000\u00ae, nylalloy\u00ae y nylacero T\u00ae<\/strong> se procesan muy f\u00e1cil, usando m\u00e1quinas y herramientas utilizadas para metal y madera incluyendo por supuesto maquinaria CNC.<\/p>\n<p>Las herramientas de acero alta velocidad son adecuadas, aunque las recubiertas o con insertos desempe\u00f1an un mejor trabajo.[\/vc_column_text][vc_column_text css_animation=\u00bbfadeInLeft\u00bb]<\/p>\n<h3>Maquinado:<\/h3>\n<p>Fijar la pieza asegur\u00e1ndose que \u00e9sta quede sujetada, evitando excesos de presi\u00f3n que puedan deformar el objeto.<br \/>\nAfilar herramientas y mantener los filos de corte siempre en condiciones \u00f3ptimas.<br \/>\nEvitar sobrecalentamientos en la pieza durante el maquinado, usar abundante refrigerante durante la operaci\u00f3n o aire comprimido que ayudar\u00e1 tambi\u00e9n a remover eficientemente las virutas.<br \/>\nUsar velocidad de corte lo m\u00e1s alta que nos permita la pieza y verificar que la rebaba sea extra\u00edda con rapidez.<\/p>\n<h3>Aserrado:<\/h3>\n<p>Se pueden utilizar sierras cintas o circulares con paso de 3-35 mm, con buena traba o triscadas. La velocidad de corte recomendada es de 500 m\/min.<\/p>\n<h3>Barrenado:<\/h3>\n<p>Afilar broca entre 90 y 120 grados y \u00e1ngulo de salida de 5 a 15 grados.<br \/>\nPerforar a base de picoteos y avances de broca cortos. Para di\u00e1metros grandes usar varias brocas escalonadas. Velocidades de corte de 50 a 150 m\/min y avance de broca de 0.1 a 0.3 mm\/revoluci\u00f3n.<\/p>\n<h3>Torneado:<\/h3>\n<p>La herramienta deber\u00e1 tener un \u00e1ngulo de ataque de entre 45 a 60 grados.<br \/>\nLa velocidad de corte puede variar entre 250 y 500 m\/min con avances de 0.1 a 0.5 mm\/revoluci\u00f3n.<br \/>\nEl torneado produce virutas continuas, mismas que es necesario remover con rapidez y evitar as\u00ed obstrucciones entre el corte y la pieza.<\/p>\n<h3>Fresado:<\/h3>\n<p>Se obtiene con este m\u00e9todo de maquinado una excelente precisi\u00f3n y calidad superficial de las piezas aunado a las ventajas en la rapidez y facilidad durante el procesado.<br \/>\nPr\u00e1cticamente, cualquier tipo de herramienta de fresado puede utilizarse cuidando que el \u00e1ngulo de salida del diente de corte sea de 5 a 15 grados y la velocidad del cortador sea de 250 a 500 m\/min.[\/vc_column_text][\/vc_column_inner][vc_column_inner width=\u00bb1\/2&#8243;][vc_single_image image=\u00bb35717&#8243; img_size=\u00bbfull\u00bb alignment=\u00bbright\u00bb css_animation=\u00bbfadeIn\u00bb][vc_single_image image=\u00bb35720&#8243; img_size=\u00bbfull\u00bb alignment=\u00bbright\u00bb css_animation=\u00bbfadeIn\u00bb][vc_single_image image=\u00bb35628&#8243; img_size=\u00bbfull\u00bb alignment=\u00bbright\u00bb css_animation=\u00bbfadeIn\u00bb][\/vc_column_inner][\/vc_row_inner][\/vc_tta_section][vc_tta_section title=\u00bbCONTROL DE CALIDAD\u00bb tab_id=\u00bb1465853688447-0eb6d0b4-eef5&#8243;][vc_row_inner][vc_column_inner][vc_single_image image=\u00bb35728&#8243; img_size=\u00bbfull\u00bb alignment=\u00bbcenter\u00bb css_animation=\u00bbfadeInLeft\u00bb][vc_single_image image=\u00bb35729&#8243; img_size=\u00bbfull\u00bb alignment=\u00bbcenter\u00bb css_animation=\u00bbfadeInRight\u00bb][\/vc_column_inner][\/vc_row_inner][\/vc_tta_section][vc_tta_section title=\u00bbMEDIDAS DISPONIBLES\u00bb tab_id=\u00bb1465853719823-04c2ea00-5982&#8243;][vc_single_image image=\u00bb35726&#8243; img_size=\u00bbfull\u00bb alignment=\u00bbcenter\u00bb css_animation=\u00bbzoomIn\u00bb lazy_loading=\u00bbtrue\u00bb][\/vc_tta_section][vc_tta_section title=\u00bbDESCARGAR INFORMACI\u00d3N\u00bb tab_id=\u00bb1465853751699-a3d9c8c1-f030&#8243;][vc_row_inner][vc_column_inner][vc_text_separator title=\u00bbDESCARGAR FOLLETO\u00bb color=\u00bbsky\u00bb el_width=\u00bb90&#8243;][vc_column_text css_animation=\u00bbzoomIn\u00bb]<\/p>\n<p style=\"text-align: center;\"><a href=\"https:\/\/tipsa.com.mx\/nueva\/wp-content\/uploads\/2016\/06\/nylacero_nylalloy_folleto.pdf\"><img decoding=\"async\" loading=\"lazy\" class=\"aligncenter wp-image-35631 size-full\" src=\"https:\/\/tipsa.com.mx\/nueva\/wp-content\/uploads\/2016\/06\/icono_pdf_tipsa.png\" alt=\"icono PDF Tipsa\" width=\"160\" height=\"162\" \/><\/a><\/p>\n<p>[\/vc_column_text][\/vc_column_inner][\/vc_row_inner][\/vc_tta_section][\/vc_tta_tour][vc_row_inner][vc_column_inner][vc_text_separator title=\u00bbEjemplos de industrias donde se pueden aplicar\u00bb color=\u00bbsky\u00bb border_width=\u00bb2&#8243;][\/vc_column_inner][\/vc_row_inner][vc_column_text]<\/p>\n<h3>nylacero\u00ae, nylacero 2000\u00ae, nylalloy\u00ae y nylacero T\u00ae<\/h3>\n<p>Pulpa y papel, mar\u00edtima, textil, alimenticia, mec\u00e1nica, manejo de materiales, electr\u00f3nica, construcci\u00f3n, miner\u00eda, aeroespacial, agropecuaria, automotriz, ferroviaria,<br \/>\nembotelladora, qu\u00edmica, el\u00e9ctrica, metal\u00fargica, transporte, farmac\u00e9utica, equipo pesado, etc.[\/vc_column_text][\/vc_column][\/vc_row]<\/p>\n","protected":false},"excerpt":{"rendered":"<p>[vc_row margin_top=\u00bb-50px\u00bb margin_bottom=\u00bb-50px\u00bb full_width_row=\u00bbtrue\u00bb][vc_column css=\u00bb.vc_custom_1465876530865{padding-top: 20px !important;padding-right: 60px !important;padding-bottom: 60px !important;padding-left: 60px !important;background-image: url(https:\/\/tipsa.com.mx\/nueva\/wp-content\/uploads\/2016\/06\/fondo_tipsa_3.jpg?id=35690) !important;background-position: 0 0 !important;background-repeat: repeat !important;}\u00bb][vc_single_image image=\u00bb36405&#8243; img_size=\u00bbfull\u00bb css_animation=\u00bbfadeInLeft\u00bb css=\u00bb.vc_custom_1493693211078{margin-right: -80px !important;}\u00bb][vc_row_inner][vc_column_inner width=\u00bb1\/2&#8243;][vc_column_text css_animation=\u00bbfadeInDown\u00bb] Pl\u00e1stico de ingenier\u00eda Es un nylon de alta calidad, producido con los m\u00e1s avanzados procesos en tecnolog\u00eda de fabricaci\u00f3n de un pl\u00e1stico de ingenier\u00eda. Tiene un amplio&hellip;<\/p>\n","protected":false},"author":1,"featured_media":0,"parent":35580,"menu_order":0,"comment_status":"closed","ping_status":"closed","template":"","meta":[],"yst_prominent_words":[],"_links":{"self":[{"href":"https:\/\/www.tipsa.com.mx\/nueva\/wp-json\/wp\/v2\/pages\/35652"}],"collection":[{"href":"https:\/\/www.tipsa.com.mx\/nueva\/wp-json\/wp\/v2\/pages"}],"about":[{"href":"https:\/\/www.tipsa.com.mx\/nueva\/wp-json\/wp\/v2\/types\/page"}],"author":[{"embeddable":true,"href":"https:\/\/www.tipsa.com.mx\/nueva\/wp-json\/wp\/v2\/users\/1"}],"replies":[{"embeddable":true,"href":"https:\/\/www.tipsa.com.mx\/nueva\/wp-json\/wp\/v2\/comments?post=35652"}],"version-history":[{"count":71,"href":"https:\/\/www.tipsa.com.mx\/nueva\/wp-json\/wp\/v2\/pages\/35652\/revisions"}],"predecessor-version":[{"id":36784,"href":"https:\/\/www.tipsa.com.mx\/nueva\/wp-json\/wp\/v2\/pages\/35652\/revisions\/36784"}],"up":[{"embeddable":true,"href":"https:\/\/www.tipsa.com.mx\/nueva\/wp-json\/wp\/v2\/pages\/35580"}],"wp:attachment":[{"href":"https:\/\/www.tipsa.com.mx\/nueva\/wp-json\/wp\/v2\/media?parent=35652"}],"wp:term":[{"taxonomy":"yst_prominent_words","embeddable":true,"href":"https:\/\/www.tipsa.com.mx\/nueva\/wp-json\/wp\/v2\/yst_prominent_words?post=35652"}],"curies":[{"name":"wp","href":"https:\/\/api.w.org\/{rel}","templated":true}]}}