{"id":36080,"date":"2016-12-23T12:23:52","date_gmt":"2016-12-23T18:23:52","guid":{"rendered":"http:\/\/tipsa.com.mx\/nueva\/?page_id=36080"},"modified":"2017-04-19T22:54:51","modified_gmt":"2017-04-20T03:54:51","slug":"valvula-pera-anker-material-duroplast","status":"publish","type":"page","link":"https:\/\/www.tipsa.com.mx\/nueva\/productos\/valvula-pera-anker-material-duroplast\/","title":{"rendered":"V\u00e1lvula pera Anker &#8211; material Duroplast"},"content":{"rendered":"<p>[vc_row][vc_column][vc_single_image image=\u00bb36395&#8243; img_size=\u00bbfull\u00bb alignment=\u00bbcenter\u00bb css_animation=\u00bbfadeIn\u00bb css=\u00bb.vc_custom_1492660782242{margin-right: -65px !important;margin-left: -65px !important;}\u00bb][\/vc_column][\/vc_row][vc_row][vc_column width=\u00bb1\/2&#8243;][vc_column_text]<\/p>\n<h3>Con Anker cero fugas&#8230; \u00a1precisi\u00f3n y seguridad!<\/h3>\n<p>[\/vc_column_text][vc_column_text]<\/p>\n<h3><strong>Material:<\/strong> <a href=\"http:\/\/tipsa.com.mx\/nueva\/productos\/duroplast-acetal\/\">Duroplast\u00ae<\/a> y elastodur\u00ae.<\/h3>\n<p>&nbsp;<\/p>\n<h3>Caracter\u00edsticas:<\/h3>\n<ul>\n<li>F\u00e1cil de instalar.<\/li>\n<li>Excelente sellado.<\/li>\n<li>M\u00e1xima durabilidad.<\/li>\n<li>No se endurece ni se corroe.<\/li>\n<li>Adaptable a todo tipo de tanque.<\/li>\n<li>Brazo de ajuste al rebosadero.<\/li>\n<li>Cuenta con un protector desechable para evitar la deformaci\u00f3n del sello o empaque antes de su instalaci\u00f3n.<\/li>\n<\/ul>\n<p>[\/vc_column_text][vc_column_text]<\/p>\n<h3>Medidas<\/h3>\n<p><img decoding=\"async\" loading=\"lazy\" class=\"aligncenter size-full wp-image-36092\" src=\"http:\/\/tipsa.com.mx\/nueva\/wp-content\/uploads\/2016\/12\/pera_tabla_1.png\" alt=\"\" width=\"245\" height=\"64\" \/>[\/vc_column_text][\/vc_column][vc_column width=\u00bb1\/2&#8243;][vc_single_image image=\u00bb36088&#8243; img_size=\u00bbfull\u00bb css_animation=\u00bbfadeInRight\u00bb][vc_single_image image=\u00bb36396&#8243; img_size=\u00bbfull\u00bb css_animation=\u00bbfadeInRight\u00bb][\/vc_column][\/vc_row]<\/p>\n","protected":false},"excerpt":{"rendered":"<p>[vc_row][vc_column][vc_single_image image=\u00bb36395&#8243; img_size=\u00bbfull\u00bb alignment=\u00bbcenter\u00bb css_animation=\u00bbfadeIn\u00bb css=\u00bb.vc_custom_1492660782242{margin-right: -65px !important;margin-left: -65px !important;}\u00bb][\/vc_column][\/vc_row][vc_row][vc_column width=\u00bb1\/2&#8243;][vc_column_text] Con Anker cero fugas&#8230; \u00a1precisi\u00f3n y seguridad! [\/vc_column_text][vc_column_text] Material: Duroplast\u00ae y elastodur\u00ae. &nbsp; Caracter\u00edsticas: F\u00e1cil de instalar. Excelente sellado. M\u00e1xima durabilidad. No se endurece ni se corroe. Adaptable a todo tipo de tanque. Brazo de ajuste al rebosadero. Cuenta con un protector desechable para&hellip;<\/p>\n","protected":false},"author":1,"featured_media":0,"parent":35580,"menu_order":0,"comment_status":"closed","ping_status":"closed","template":"","meta":[],"yst_prominent_words":[],"_links":{"self":[{"href":"https:\/\/www.tipsa.com.mx\/nueva\/wp-json\/wp\/v2\/pages\/36080"}],"collection":[{"href":"https:\/\/www.tipsa.com.mx\/nueva\/wp-json\/wp\/v2\/pages"}],"about":[{"href":"https:\/\/www.tipsa.com.mx\/nueva\/wp-json\/wp\/v2\/types\/page"}],"author":[{"embeddable":true,"href":"https:\/\/www.tipsa.com.mx\/nueva\/wp-json\/wp\/v2\/users\/1"}],"replies":[{"embeddable":true,"href":"https:\/\/www.tipsa.com.mx\/nueva\/wp-json\/wp\/v2\/comments?post=36080"}],"version-history":[{"count":8,"href":"https:\/\/www.tipsa.com.mx\/nueva\/wp-json\/wp\/v2\/pages\/36080\/revisions"}],"predecessor-version":[{"id":36397,"href":"https:\/\/www.tipsa.com.mx\/nueva\/wp-json\/wp\/v2\/pages\/36080\/revisions\/36397"}],"up":[{"embeddable":true,"href":"https:\/\/www.tipsa.com.mx\/nueva\/wp-json\/wp\/v2\/pages\/35580"}],"wp:attachment":[{"href":"https:\/\/www.tipsa.com.mx\/nueva\/wp-json\/wp\/v2\/media?parent=36080"}],"wp:term":[{"taxonomy":"yst_prominent_words","embeddable":true,"href":"https:\/\/www.tipsa.com.mx\/nueva\/wp-json\/wp\/v2\/yst_prominent_words?post=36080"}],"curies":[{"name":"wp","href":"https:\/\/api.w.org\/{rel}","templated":true}]}}