{"id":36094,"date":"2016-12-23T13:51:19","date_gmt":"2016-12-23T19:51:19","guid":{"rendered":"http:\/\/tipsa.com.mx\/nueva\/?page_id=36094"},"modified":"2017-04-20T16:47:01","modified_gmt":"2017-04-20T21:47:01","slug":"portarollo-accesorio-bano-material-duroplast","status":"publish","type":"page","link":"https:\/\/www.tipsa.com.mx\/nueva\/productos\/portarollo-accesorio-bano-material-duroplast\/","title":{"rendered":"Portarollo &#8211; accesorio para ba\u00f1o de material Duroplast\u00ae"},"content":{"rendered":"<p>[vc_row][vc_column][vc_single_image image=\u00bb36398&#8243; img_size=\u00bbfull\u00bb alignment=\u00bbcenter\u00bb css_animation=\u00bbfadeIn\u00bb css=\u00bb.vc_custom_1492724851461{margin-right: -65px !important;margin-left: -65px !important;}\u00bb][\/vc_column][\/vc_row][vc_row][vc_column width=\u00bb1\/2&#8243;][vc_column_text]<\/p>\n<h3>\u00a1Anker agarra tu rollo!<\/h3>\n<p>[\/vc_column_text][vc_column_text]<\/p>\n<h3>Material: <a href=\"http:\/\/tipsa.com.mx\/nueva\/productos\/duroplast-acetal\/\">Duroplast\u00ae<\/a><\/h3>\n<p>&nbsp;<\/p>\n<h3>Caracter\u00edsticas<\/h3>\n<ul>\n<li>Ligero<\/li>\n<li>F\u00e1cil desmontaje<\/li>\n<\/ul>\n<h3>Usos y aplicaciones<\/h3>\n<ul>\n<li>Accesorio para ba\u00f1o<\/li>\n<\/ul>\n<h3>Tama\u00f1o<\/h3>\n<p><img decoding=\"async\" loading=\"lazy\" class=\"aligncenter size-full wp-image-36100\" src=\"http:\/\/tipsa.com.mx\/nueva\/wp-content\/uploads\/2016\/12\/portarollo_tabla_1.png\" alt=\"tama\u00f1o portarollo para ba\u00f1o, fabricantes\" width=\"244\" height=\"64\" \/>[\/vc_column_text][\/vc_column][vc_column width=\u00bb1\/2&#8243;][vc_single_image image=\u00bb36099&#8243; img_size=\u00bbfull\u00bb css_animation=\u00bbfadeInRight\u00bb][vc_single_image image=\u00bb36399&#8243; img_size=\u00bbfull\u00bb css_animation=\u00bbfadeInRight\u00bb][\/vc_column][\/vc_row]<\/p>\n","protected":false},"excerpt":{"rendered":"<p>[vc_row][vc_column][vc_single_image image=\u00bb36398&#8243; img_size=\u00bbfull\u00bb alignment=\u00bbcenter\u00bb css_animation=\u00bbfadeIn\u00bb css=\u00bb.vc_custom_1492724851461{margin-right: -65px !important;margin-left: -65px !important;}\u00bb][\/vc_column][\/vc_row][vc_row][vc_column width=\u00bb1\/2&#8243;][vc_column_text] \u00a1Anker agarra tu rollo! [\/vc_column_text][vc_column_text] Material: Duroplast\u00ae &nbsp; Caracter\u00edsticas Ligero F\u00e1cil desmontaje Usos y aplicaciones Accesorio para ba\u00f1o Tama\u00f1o [\/vc_column_text][\/vc_column][vc_column width=\u00bb1\/2&#8243;][vc_single_image image=\u00bb36099&#8243; img_size=\u00bbfull\u00bb css_animation=\u00bbfadeInRight\u00bb][vc_single_image image=\u00bb36399&#8243; img_size=\u00bbfull\u00bb css_animation=\u00bbfadeInRight\u00bb][\/vc_column][\/vc_row]<\/p>\n","protected":false},"author":1,"featured_media":0,"parent":35580,"menu_order":0,"comment_status":"closed","ping_status":"closed","template":"","meta":[],"yst_prominent_words":[],"_links":{"self":[{"href":"https:\/\/www.tipsa.com.mx\/nueva\/wp-json\/wp\/v2\/pages\/36094"}],"collection":[{"href":"https:\/\/www.tipsa.com.mx\/nueva\/wp-json\/wp\/v2\/pages"}],"about":[{"href":"https:\/\/www.tipsa.com.mx\/nueva\/wp-json\/wp\/v2\/types\/page"}],"author":[{"embeddable":true,"href":"https:\/\/www.tipsa.com.mx\/nueva\/wp-json\/wp\/v2\/users\/1"}],"replies":[{"embeddable":true,"href":"https:\/\/www.tipsa.com.mx\/nueva\/wp-json\/wp\/v2\/comments?post=36094"}],"version-history":[{"count":5,"href":"https:\/\/www.tipsa.com.mx\/nueva\/wp-json\/wp\/v2\/pages\/36094\/revisions"}],"predecessor-version":[{"id":36400,"href":"https:\/\/www.tipsa.com.mx\/nueva\/wp-json\/wp\/v2\/pages\/36094\/revisions\/36400"}],"up":[{"embeddable":true,"href":"https:\/\/www.tipsa.com.mx\/nueva\/wp-json\/wp\/v2\/pages\/35580"}],"wp:attachment":[{"href":"https:\/\/www.tipsa.com.mx\/nueva\/wp-json\/wp\/v2\/media?parent=36094"}],"wp:term":[{"taxonomy":"yst_prominent_words","embeddable":true,"href":"https:\/\/www.tipsa.com.mx\/nueva\/wp-json\/wp\/v2\/yst_prominent_words?post=36094"}],"curies":[{"name":"wp","href":"https:\/\/api.w.org\/{rel}","templated":true}]}}