{"id":36104,"date":"2016-12-23T14:07:35","date_gmt":"2016-12-23T20:07:35","guid":{"rendered":"http:\/\/tipsa.com.mx\/nueva\/?page_id=36104"},"modified":"2017-04-20T16:55:08","modified_gmt":"2017-04-20T21:55:08","slug":"espatula-fabricantes-espatulas-plastico-duroplast-ligera-flexible-durable","status":"publish","type":"page","link":"https:\/\/www.tipsa.com.mx\/nueva\/productos\/espatula-fabricantes-espatulas-plastico-duroplast-ligera-flexible-durable\/","title":{"rendered":"Esp\u00e1tula &#8211; fabricantes de esp\u00e1tulas de pl\u00e1stico Duroplast\u00ae ligera, flexible y durable"},"content":{"rendered":"<p>[vc_row][vc_column][vc_single_image image=\u00bb36402&#8243; img_size=\u00bbfull\u00bb alignment=\u00bbcenter\u00bb css_animation=\u00bbfadeIn\u00bb css=\u00bb.vc_custom_1492725568713{margin-right: -65px !important;margin-left: -65px !important;}\u00bb][\/vc_column][\/vc_row][vc_row][vc_column width=\u00bb1\/2&#8243;][vc_column_text]<\/p>\n<h3>Material: <a href=\"http:\/\/tipsa.com.mx\/nueva\/productos\/duroplast-acetal\/\">Duroplast\u00ae<\/a> amarillo o colores especiales.<\/h3>\n<h3><\/h3>\n<h3>Caracter\u00edsticas<\/h3>\n<ul>\n<li>Ligera<\/li>\n<li>Flexible.<\/li>\n<li>Durable.<\/li>\n<li>F\u00e1cil manejo.<\/li>\n<li>Econ\u00f3mica.<\/li>\n<li>Resistente al calor (hasta 90 \u00baC).<\/li>\n<\/ul>\n<h3>Usos y aplicaciones<\/h3>\n<ul>\n<li>Pintores.<\/li>\n<li>Aplicaci\u00f3n de mezclas, resanes, morteros (yeso, cemento, cal, etc.)<\/li>\n<li>Reposter\u00eda.<\/li>\n<li>Artes gr\u00e1ficas.<\/li>\n<li>Industrial.<\/li>\n<li>Comercial.<\/li>\n<li>Dom\u00e9stico.<\/li>\n<\/ul>\n<h3>Tama\u00f1o<\/h3>\n<p><img decoding=\"async\" loading=\"lazy\" class=\"aligncenter size-full wp-image-36111\" src=\"http:\/\/tipsa.com.mx\/nueva\/wp-content\/uploads\/2016\/12\/espatulas_tabla_1.png\" alt=\"tabla Fabricantes de esp\u00e1tulas de pl\u00e1stico Duroplast\" width=\"256\" height=\"134\" \/>[\/vc_column_text][\/vc_column][vc_column width=\u00bb1\/2&#8243;][vc_single_image image=\u00bb36110&#8243; img_size=\u00bbfull\u00bb css_animation=\u00bbfadeIn\u00bb][vc_single_image image=\u00bb36401&#8243; img_size=\u00bbfull\u00bb css_animation=\u00bbfadeInRight\u00bb][\/vc_column][\/vc_row]<\/p>\n","protected":false},"excerpt":{"rendered":"<p>[vc_row][vc_column][vc_single_image image=\u00bb36402&#8243; img_size=\u00bbfull\u00bb alignment=\u00bbcenter\u00bb css_animation=\u00bbfadeIn\u00bb css=\u00bb.vc_custom_1492725568713{margin-right: -65px !important;margin-left: -65px !important;}\u00bb][\/vc_column][\/vc_row][vc_row][vc_column width=\u00bb1\/2&#8243;][vc_column_text] Material: Duroplast\u00ae amarillo o colores especiales. Caracter\u00edsticas Ligera Flexible. Durable. F\u00e1cil manejo. Econ\u00f3mica. Resistente al calor (hasta 90 \u00baC). Usos y aplicaciones Pintores. Aplicaci\u00f3n de mezclas, resanes, morteros (yeso, cemento, cal, etc.) Reposter\u00eda. Artes gr\u00e1ficas. Industrial. Comercial. Dom\u00e9stico. Tama\u00f1o [\/vc_column_text][\/vc_column][vc_column width=\u00bb1\/2&#8243;][vc_single_image image=\u00bb36110&#8243; img_size=\u00bbfull\u00bb css_animation=\u00bbfadeIn\u00bb][vc_single_image&hellip;<\/p>\n","protected":false},"author":1,"featured_media":0,"parent":35580,"menu_order":0,"comment_status":"closed","ping_status":"closed","template":"","meta":[],"yst_prominent_words":[],"_links":{"self":[{"href":"https:\/\/www.tipsa.com.mx\/nueva\/wp-json\/wp\/v2\/pages\/36104"}],"collection":[{"href":"https:\/\/www.tipsa.com.mx\/nueva\/wp-json\/wp\/v2\/pages"}],"about":[{"href":"https:\/\/www.tipsa.com.mx\/nueva\/wp-json\/wp\/v2\/types\/page"}],"author":[{"embeddable":true,"href":"https:\/\/www.tipsa.com.mx\/nueva\/wp-json\/wp\/v2\/users\/1"}],"replies":[{"embeddable":true,"href":"https:\/\/www.tipsa.com.mx\/nueva\/wp-json\/wp\/v2\/comments?post=36104"}],"version-history":[{"count":6,"href":"https:\/\/www.tipsa.com.mx\/nueva\/wp-json\/wp\/v2\/pages\/36104\/revisions"}],"predecessor-version":[{"id":36403,"href":"https:\/\/www.tipsa.com.mx\/nueva\/wp-json\/wp\/v2\/pages\/36104\/revisions\/36403"}],"up":[{"embeddable":true,"href":"https:\/\/www.tipsa.com.mx\/nueva\/wp-json\/wp\/v2\/pages\/35580"}],"wp:attachment":[{"href":"https:\/\/www.tipsa.com.mx\/nueva\/wp-json\/wp\/v2\/media?parent=36104"}],"wp:term":[{"taxonomy":"yst_prominent_words","embeddable":true,"href":"https:\/\/www.tipsa.com.mx\/nueva\/wp-json\/wp\/v2\/yst_prominent_words?post=36104"}],"curies":[{"name":"wp","href":"https:\/\/api.w.org\/{rel}","templated":true}]}}