{"id":592,"date":"2014-03-19T15:23:11","date_gmt":"2014-03-19T15:23:11","guid":{"rendered":"http:\/\/the7.dream-demo.com\/business\/?page_id=592"},"modified":"2021-09-24T21:50:22","modified_gmt":"2021-09-25T02:50:22","slug":"tipsa-plasticos-ingenieria-fabricantes-placas-barras-nylon-nylacero-nylon-barra-acetal-uhmwpe","status":"publish","type":"page","link":"https:\/\/www.tipsa.com.mx\/nueva\/","title":{"rendered":"Tipsa Pl\u00e1sticos de ingenier\u00eda, fabricantes de placas y barras de nylon, nylacero, nylon en barra, acetal, UHMWPE."},"content":{"rendered":"<p>[vc_row margin_top=\u00bb-50&#8243; margin_bottom=\u00bb-50&#8243; full_width_row=\u00bbtrue\u00bb padding_left=\u00bb0&#8243; padding_right=\u00bb0&#8243; css=\u00bb.vc_custom_1482525666198{margin-bottom: -50px !important;}\u00bb][vc_column][layerslider_vc id=\u00bb4&#8243;][\/vc_column][\/vc_row][vc_row margin_top=\u00bb-50&#8243; margin_bottom=\u00bb-50&#8243; full_width_row=\u00bbtrue\u00bb padding_left=\u00bb0&#8243; padding_right=\u00bb0&#8243; css=\u00bb.vc_custom_1526044678080{margin-bottom: -50px !important;}\u00bb][vc_column][layerslider_vc id=\u00bb5&#8243;][\/vc_column][\/vc_row][vc_row margin_top=\u00bb-50px\u00bb margin_bottom=\u00bb-50px\u00bb bg_type=\u00bbbg_color\u00bb bg_override=\u00bb1&#8243; bg_color_value=\u00bb#ffffff\u00bb css=\u00bb.vc_custom_1479095529648{margin-bottom: -50px !important;}\u00bb][vc_column width=\u00bb2\/3&#8243; css=\u00bb.vc_custom_1479094504046{background-color: #ffffff !important;}\u00bb][vc_column_text]<\/p>\n<h4>Bienvenidos a\u00a0nuestro sitio web<\/h4>\n<p>[\/vc_column_text][vc_empty_space height=\u00bb16px\u00bb][vc_column_text css_animation=\u00bbfadeIn\u00bb]<\/p>\n<p style=\"text-align: justify;\">Somos T\u00e9cnica Industrial de Pol\u00edmeros, una empresa experta en la fabricaci\u00f3n de pl\u00e1sticos de ingenier\u00eda, nuestros principales materiales son <strong><a href=\"http:\/\/tipsa.com.mx\/nueva\/productos\/nylacero-plastico-de-ingenieria\/\">nylacero\u00ae<\/a>, <a href=\"http:\/\/tipsa.com.mx\/nueva\/productos\/nylalloy-plastico-de-ingenieria-con-bisulfuro-de-molibdeno\/\">nylalloy\u00ae<\/a>, <a href=\"http:\/\/tipsa.com.mx\/nueva\/productos\/nylacero-2000-nylon-con-lubricacion-plastico-de-ingenieria\/\">nylacero 2000\u00ae<\/a> y <a href=\"http:\/\/tipsa.com.mx\/nueva\/productos\/nylacero-t-polimero-de-ingenieria-resistente-luz-uv-altas-temperaturas\/\">nylacero T\u00ae<\/a><\/strong>. Fabricamos barras y placas de nylon, nylon en barra, acetal, barras de UHMWPE, ruedas de nylon, cangilones, taquetes, cinchos sujetacables, esp\u00e1tulas, v\u00e1lvulas pera, cajas, tapas y grapas el\u00e9ctricas. Tambi\u00e9n fabricamos envases de pl\u00e1stico, envases boca ancha de 1\/8 a 5 L y cubetas de pl\u00e1stico.<\/p>\n<p style=\"text-align: justify;\">En TIPSA contamos con a\u00f1os de experiencia y el respaldo de empresas que a lo largo de los a\u00f1os han confiado en nuestros productos para su desarrollo. Maquilamos todo tipo de pl\u00e1sticos de ingenier\u00eda.<\/p>\n<p>[\/vc_column_text][vc_empty_space height=\u00bb40px\u00bb][\/vc_column][vc_column width=\u00bb1\/3&#8243;][vc_column_text]<\/p>\n<h4>Ventajas competitivas<\/h4>\n<p>[\/vc_column_text][vc_empty_space height=\u00bb16px\u00bb][vc_progress_bar values=\u00bb%5B%7B%22label%22%3A%22Experiencia%22%2C%22value%22%3A%2290%22%2C%22color%22%3A%22bar_turquoise%22%7D%2C%7B%22label%22%3A%22Calidad%22%2C%22value%22%3A%2295%22%2C%22color%22%3A%22sky%22%7D%2C%7B%22label%22%3A%22Atenci%C3%B3n%20al%20cliente%22%2C%22value%22%3A%2290%22%2C%22color%22%3A%22bar_turquoise%22%7D%2C%7B%22label%22%3A%22Servicios%22%2C%22value%22%3A%2290%22%2C%22color%22%3A%22sky%22%7D%5D\u00bb options=\u00bbstriped\u00bb caption_pos=\u00bbtop\u00bb][vc_empty_space height=\u00bb40px\u00bb][\/vc_column][\/vc_row]<\/p>\n","protected":false},"excerpt":{"rendered":"<p>[vc_row margin_top=\u00bb-50&#8243; margin_bottom=\u00bb-50&#8243; full_width_row=\u00bbtrue\u00bb padding_left=\u00bb0&#8243; padding_right=\u00bb0&#8243; css=\u00bb.vc_custom_1482525666198{margin-bottom: -50px !important;}\u00bb][vc_column][layerslider_vc id=\u00bb4&#8243;][\/vc_column][\/vc_row][vc_row margin_top=\u00bb-50&#8243; margin_bottom=\u00bb-50&#8243; full_width_row=\u00bbtrue\u00bb padding_left=\u00bb0&#8243; padding_right=\u00bb0&#8243; css=\u00bb.vc_custom_1526044678080{margin-bottom: -50px !important;}\u00bb][vc_column][layerslider_vc id=\u00bb5&#8243;][\/vc_column][\/vc_row][vc_row margin_top=\u00bb-50px\u00bb margin_bottom=\u00bb-50px\u00bb bg_type=\u00bbbg_color\u00bb bg_override=\u00bb1&#8243; bg_color_value=\u00bb#ffffff\u00bb css=\u00bb.vc_custom_1479095529648{margin-bottom: -50px !important;}\u00bb][vc_column width=\u00bb2\/3&#8243; css=\u00bb.vc_custom_1479094504046{background-color: #ffffff !important;}\u00bb][vc_column_text] Bienvenidos a\u00a0nuestro sitio web [\/vc_column_text][vc_empty_space height=\u00bb16px\u00bb][vc_column_text css_animation=\u00bbfadeIn\u00bb] Somos T\u00e9cnica Industrial de Pol\u00edmeros, una empresa experta en la fabricaci\u00f3n de pl\u00e1sticos de ingenier\u00eda, nuestros principales&hellip;<\/p>\n","protected":false},"author":1,"featured_media":0,"parent":0,"menu_order":1,"comment_status":"closed","ping_status":"closed","template":"","meta":[],"yst_prominent_words":[],"_links":{"self":[{"href":"https:\/\/www.tipsa.com.mx\/nueva\/wp-json\/wp\/v2\/pages\/592"}],"collection":[{"href":"https:\/\/www.tipsa.com.mx\/nueva\/wp-json\/wp\/v2\/pages"}],"about":[{"href":"https:\/\/www.tipsa.com.mx\/nueva\/wp-json\/wp\/v2\/types\/page"}],"author":[{"embeddable":true,"href":"https:\/\/www.tipsa.com.mx\/nueva\/wp-json\/wp\/v2\/users\/1"}],"replies":[{"embeddable":true,"href":"https:\/\/www.tipsa.com.mx\/nueva\/wp-json\/wp\/v2\/comments?post=592"}],"version-history":[{"count":46,"href":"https:\/\/www.tipsa.com.mx\/nueva\/wp-json\/wp\/v2\/pages\/592\/revisions"}],"predecessor-version":[{"id":36783,"href":"https:\/\/www.tipsa.com.mx\/nueva\/wp-json\/wp\/v2\/pages\/592\/revisions\/36783"}],"wp:attachment":[{"href":"https:\/\/www.tipsa.com.mx\/nueva\/wp-json\/wp\/v2\/media?parent=592"}],"wp:term":[{"taxonomy":"yst_prominent_words","embeddable":true,"href":"https:\/\/www.tipsa.com.mx\/nueva\/wp-json\/wp\/v2\/yst_prominent_words?post=592"}],"curies":[{"name":"wp","href":"https:\/\/api.w.org\/{rel}","templated":true}]}}